{"id":4122,"date":"2015-10-30T03:45:54","date_gmt":"2015-10-30T02:45:54","guid":{"rendered":"http:\/\/www.flox-music.com\/v3\/?post_type=product&#038;p=4122"},"modified":"2016-05-09T11:15:11","modified_gmt":"2016-05-09T09:15:11","slug":"tee-shirt-men","status":"publish","type":"product","link":"https:\/\/www.flox-music.com\/v3\/?product=tee-shirt-men","title":{"rendered":"T SHIRT MEN"},"content":{"rendered":"","protected":false},"excerpt":{"rendered":"<h1>HOMEGROWN<\/h1>\n<p>100% coton pr\u00e9-r\u00e9tr\u00e9ci \u00ab\u00a0Softstyle\u00a0\u00bb (sauf Sport grey et Antique : 90% coton \/ 10% polyester et Heather : 35% coton \/ 65% polyester). Maille jersey. Bande de propret\u00e9 d&rsquo;\u00e9paule \u00e0 \u00e9paule. Double surpiq\u00fbre aux manches et au bas du v\u00eatement. Coupe tubulaire. Tissu tourn\u00e9 d&rsquo;un quart de tour pour \u00e9liminer le pli central.<\/p>\n<h1><\/h1>\n<p><a href=\"http:\/\/www.flox-music.com\/v3\/#boutique\">BOUTIQUE<\/a><\/p>\n","protected":false},"featured_media":4374,"comment_status":"closed","ping_status":"closed","template":"","meta":[],"_links":{"self":[{"href":"https:\/\/www.flox-music.com\/v3\/index.php?rest_route=\/wp\/v2\/product\/4122"}],"collection":[{"href":"https:\/\/www.flox-music.com\/v3\/index.php?rest_route=\/wp\/v2\/product"}],"about":[{"href":"https:\/\/www.flox-music.com\/v3\/index.php?rest_route=\/wp\/v2\/types\/product"}],"replies":[{"embeddable":true,"href":"https:\/\/www.flox-music.com\/v3\/index.php?rest_route=%2Fwp%2Fv2%2Fcomments&post=4122"}],"wp:featuredmedia":[{"embeddable":true,"href":"https:\/\/www.flox-music.com\/v3\/index.php?rest_route=\/wp\/v2\/media\/4374"}],"wp:attachment":[{"href":"https:\/\/www.flox-music.com\/v3\/index.php?rest_route=%2Fwp%2Fv2%2Fmedia&parent=4122"}],"curies":[{"name":"wp","href":"https:\/\/api.w.org\/{rel}","templated":true}]}}