{"id":4383,"date":"2016-03-14T23:44:30","date_gmt":"2016-03-14T22:44:30","guid":{"rendered":"http:\/\/www.flox-music.com\/v3\/?post_type=product&#038;p=4383"},"modified":"2016-03-29T01:43:48","modified_gmt":"2016-03-28T23:43:48","slug":"bags","status":"publish","type":"product","link":"https:\/\/www.flox-music.com\/v3\/?product=bags","title":{"rendered":"BAGS"},"content":{"rendered":"","protected":false},"excerpt":{"rendered":"<p>140 g\/m2 100% coton poign\u00e9e longue (70 cm) point croix \u00e0 la poign\u00e9e pour plus de maintien coutures repli\u00e9es pour pr\u00e9venir du r\u00e9tr\u00e9cissement dimensions : 38 x 42 cm<\/p>\n<p>&nbsp;<\/p>\n<p><a href=\"http:\/\/www.flox-music.com\/v3\/#boutique\">BOUTIQUE<\/a><\/p>\n","protected":false},"featured_media":4384,"comment_status":"closed","ping_status":"closed","template":"","meta":[],"_links":{"self":[{"href":"https:\/\/www.flox-music.com\/v3\/index.php?rest_route=\/wp\/v2\/product\/4383"}],"collection":[{"href":"https:\/\/www.flox-music.com\/v3\/index.php?rest_route=\/wp\/v2\/product"}],"about":[{"href":"https:\/\/www.flox-music.com\/v3\/index.php?rest_route=\/wp\/v2\/types\/product"}],"replies":[{"embeddable":true,"href":"https:\/\/www.flox-music.com\/v3\/index.php?rest_route=%2Fwp%2Fv2%2Fcomments&post=4383"}],"wp:featuredmedia":[{"embeddable":true,"href":"https:\/\/www.flox-music.com\/v3\/index.php?rest_route=\/wp\/v2\/media\/4384"}],"wp:attachment":[{"href":"https:\/\/www.flox-music.com\/v3\/index.php?rest_route=%2Fwp%2Fv2%2Fmedia&parent=4383"}],"curies":[{"name":"wp","href":"https:\/\/api.w.org\/{rel}","templated":true}]}}